{"id":12,"date":"2026-04-17T10:17:43","date_gmt":"2026-04-17T13:17:43","guid":{"rendered":"https:\/\/arotec.canaldedenuncias.app.br\/?page_id=12"},"modified":"2026-04-24T09:36:55","modified_gmt":"2026-04-24T12:36:55","slug":"canal-de-denuncias-arotec","status":"publish","type":"page","link":"https:\/\/arotec.canaldedenuncias.app.br\/en\/","title":{"rendered":"Arotec Complaints Channel"},"content":{"rendered":"<div data-elementor-type=\"wp-page\" data-elementor-id=\"12\" class=\"elementor elementor-12\">\n\t\t\t\t<div class=\"elementor-element elementor-element-ff71774 e-flex e-con-boxed e-con e-parent\" data-id=\"ff71774\" data-element_type=\"container\" data-e-type=\"container\">\n\t\t\t\t\t<div class=\"e-con-inner\">\n\t\t\t\t<div class=\"elementor-element elementor-element-d67ce9a elementor-widget elementor-widget-text-editor\" data-id=\"d67ce9a\" data-element_type=\"widget\" data-e-type=\"widget\" data-widget_type=\"text-editor.default\">\n\t\t\t\t\t\t\t\t\t\n<p style=\"text-align: justify;\">Committed to improving transparency in our operations and relationships, Arotec S.A Ind\u00fastria e Com\u00e9rcio provides its Whistleblowing Channel. This channel offers secure and anonymous communication for those who prefer not to identify themselves.<br \/>The information shared through this channel will be strictly confidential, backed by a guarantee of secrecy and protection against retaliation against whistleblowers acting in good faith. Arotec's Whistleblowing Channel is available to the general public, with a special focus on our employees, clients, partners, and suppliers.<\/p>\n<p style=\"text-align: justify;\">Anonymous reporting of serious matters\nThrough this page, you can submit information about reprehensible matters or report actions that are unethical, illegal or in violation of internal policies. The scheme is to be used to bring matters to light that would not otherwise have come to light.<\/p>\n\n<p style=\"text-align: justify;\">It can be reported confidentially with indication of name and contact information or, if desired, 100% anonymously.\nAll inquiries are treated confidentially and securely.<\/p>\n\n<p style=\"text-align: justify;\">The accuracy of the information provided is the responsibility of the whistleblower. All information will be verified during the investigation process, and any resulting actions will be taken at Arotec's sole discretion.<\/p>\n\n<p style=\"text-align: justify;\">It is important to emphasize that we do not tolerate retaliation or punishment against those who report crimes. You have the option to make anonymous reports.<\/p>\n\n<p style=\"text-align: justify;\">Following up on your reports can be relevant for numerous reasons:<\/p>\n\n<p style=\"text-align: justify;\">1.\tYou wish to see the status of your report, to check if action is being taken.<\/br>\n2.\tYou wish to provide additional information to your report.<\/br>\n3.\tThe system administrators has requested additional information from you to help them resolve the issue or take the appropriate action.<\/p>\n\n<p style=\"text-align: justify;\">You can read more about the whistleblowing legislation in EU here.<br \/>Matriz Cotia \u2013 SP | (11) 4613-8600 ou pelo e-mail <a href=\"mailto:contato@arotec.com.br\">contato@arotec.com.br<\/a><\/p>\n\n<p>Here you can read about what you should know before submitting a report.<\/p>\n\t\t\t\t\t\t\t\t<\/div>\n\t\t\t\t\t<\/div>\n\t\t\t\t<\/div>\n\t\t<div class=\"elementor-element elementor-element-8314d51 e-flex e-con-boxed e-con e-parent\" data-id=\"8314d51\" data-element_type=\"container\" data-e-type=\"container\">\n\t\t\t\t\t<div class=\"e-con-inner\">\n\t\t\t\t<div class=\"elementor-element elementor-element-9056ac1 elementor-align-center elementor-widget elementor-widget-button\" data-id=\"9056ac1\" data-element_type=\"widget\" data-e-type=\"widget\" data-widget_type=\"button.default\">\n\t\t\t\t\t\t\t\t\t\t<a class=\"elementor-button elementor-button-link elementor-size-sm\" href=\"https:\/\/canaldedenuncias.app.br\/empresa\/arotec\">\n\t\t\t\t\t\t<span class=\"elementor-button-content-wrapper\">\n\t\t\t\t\t\t\t\t\t<span class=\"elementor-button-text\">Submit a Complaint<\/span>\n\t\t\t\t\t<\/span>\n\t\t\t\t\t<\/a>\n\t\t\t\t\t\t\t\t<\/div>\n\t\t\t\t\t<\/div>\n\t\t\t\t<\/div>\n\t\t\t\t<\/div>","protected":false},"excerpt":{"rendered":"<p>Com o compromisso de aprimorar a transpar\u00eancia em nossas opera\u00e7\u00f5es e rela\u00e7\u00f5es, a Arotec S.A Ind\u00fastria e Com\u00e9rcio disponibiliza o seu Canal de Den\u00fancias. Este canal possui uma comunica\u00e7\u00e3o segura e an\u00f4nima para aqueles que preferem n\u00e3o se identificar.As informa\u00e7\u00f5es compartilhadas atrav\u00e9s deste canal ser\u00e3o estritamente confidenciais, respaldadas pela garantia de sigilo e prote\u00e7\u00e3o contra [&hellip;]<\/p>\n","protected":false},"author":1,"featured_media":0,"parent":0,"menu_order":0,"comment_status":"closed","ping_status":"closed","template":"","meta":{"footnotes":""},"class_list":["post-12","page","type-page","status-publish","hentry"],"_links":{"self":[{"href":"https:\/\/arotec.canaldedenuncias.app.br\/en\/wp-json\/wp\/v2\/pages\/12","targetHints":{"allow":["GET"]}}],"collection":[{"href":"https:\/\/arotec.canaldedenuncias.app.br\/en\/wp-json\/wp\/v2\/pages"}],"about":[{"href":"https:\/\/arotec.canaldedenuncias.app.br\/en\/wp-json\/wp\/v2\/types\/page"}],"author":[{"embeddable":true,"href":"https:\/\/arotec.canaldedenuncias.app.br\/en\/wp-json\/wp\/v2\/users\/1"}],"replies":[{"embeddable":true,"href":"https:\/\/arotec.canaldedenuncias.app.br\/en\/wp-json\/wp\/v2\/comments?post=12"}],"version-history":[{"count":14,"href":"https:\/\/arotec.canaldedenuncias.app.br\/en\/wp-json\/wp\/v2\/pages\/12\/revisions"}],"predecessor-version":[{"id":58,"href":"https:\/\/arotec.canaldedenuncias.app.br\/en\/wp-json\/wp\/v2\/pages\/12\/revisions\/58"}],"wp:attachment":[{"href":"https:\/\/arotec.canaldedenuncias.app.br\/en\/wp-json\/wp\/v2\/media?parent=12"}],"curies":[{"name":"wp","href":"https:\/\/api.w.org\/{rel}","templated":true}]}}